{"id":584,"date":"2014-11-26T15:56:23","date_gmt":"2014-11-26T15:56:23","guid":{"rendered":"http:\/\/www.camisetamagazine.com.br\/?post_type=product&#038;p=584"},"modified":"2024-07-30T12:26:11","modified_gmt":"2024-07-30T15:26:11","slug":"haley-davidson-classica","status":"publish","type":"product","link":"https:\/\/camisetamagazine.com.br\/?product=haley-davidson-classica","title":{"rendered":"Haley Davidson Cl\u00e1ssica"},"content":{"rendered":"","protected":false},"excerpt":{"rendered":"[table color=\"grey\" ]MATERIA PRIMA: Fio penteado COMPOSI\u00c7\u00c3O: 100% algod\u00e3o TIPO DO FIO: 30.1 GRAMATURA: 160gr \u00a0TOQUE: Macio[\/table]\n<p><a href=\"http:\/\/www.camisetamagazine.com.br\/wp-content\/uploads\/2014\/09\/Tamanhos.jpg\"><img loading=\"lazy\" decoding=\"async\" class=\"alignnone size-medium wp-image-468\" src=\"http:\/\/www.camisetamagazine.com.br\/wp-content\/uploads\/2014\/09\/Tamanhos-300x92.jpg\" alt=\"Tamanhos\" width=\"300\" height=\"92\" srcset=\"https:\/\/camisetamagazine.com.br\/wp-content\/uploads\/2014\/09\/Tamanhos-300x92.jpg 300w, https:\/\/camisetamagazine.com.br\/wp-content\/uploads\/2014\/09\/Tamanhos.jpg 366w\" sizes=\"(max-width: 300px) 100vw, 300px\" \/><\/a><\/p>\n<p>&nbsp;<\/p>\n[table color=\"grey\" ]PRAZO DE ENTREGA: em at\u00e9 10 (dez) dias para produ\u00e7\u00e3o da camiseta somados ao prazo dado pela TRANSPORTADORA[\/table]\n[table color=\"grey\" ]POL\u00cdTICA DE TROCA: As trocas poder\u00e3o ser feitas em at\u00e9 7 (sete) \u00a0dias ap\u00f3s o recebimento da mercadoria desde que devolvida em sua embalagem original. Ser\u00e3o trocadas mercadorias nas seguintes condi\u00e7\u00f5es: 1-) Defeito de fabrica\u00e7\u00e3o. 2-) Medidas inadequadas. 3-) Insatisfa\u00e7\u00e3o do cliente com o produto.<\/p>\n<p>As trocas ser\u00e3o efetuadas apenas em\u00a0mercadorias que forem devolvidas sem marcas de uso e sem odores tais como: perfume, desodorante, suor e outros.<\/p>\n<p>Outras d\u00favidas por\u00e3o ser esclarecidas entrando na sess\u00e3o POL\u00cdTICAS no menu principal ou enviado um e-mail pelo formul\u00e1rio na sess\u00e3o CONTATO.<\/p>\n<p>[\/table]\n","protected":false},"featured_media":589,"comment_status":"closed","ping_status":"closed","template":"","meta":[],"product_cat":[33],"product_tag":[],"class_list":{"0":"post-584","1":"product","2":"type-product","3":"status-publish","4":"has-post-thumbnail","6":"product_cat-motos","7":"pa_cor-preto","8":"pa_tamanho-g","9":"pa_tamanho-gg","10":"pa_tamanho-m","11":"pa_tamanho-p","13":"first","14":"onbackorder","15":"featured","16":"shipping-taxable","17":"purchasable","18":"product-type-variable","19":"add-to-wishlist-after_add_to_cart"},"_links":{"self":[{"href":"https:\/\/camisetamagazine.com.br\/index.php?rest_route=\/wp\/v2\/product\/584"}],"collection":[{"href":"https:\/\/camisetamagazine.com.br\/index.php?rest_route=\/wp\/v2\/product"}],"about":[{"href":"https:\/\/camisetamagazine.com.br\/index.php?rest_route=\/wp\/v2\/types\/product"}],"replies":[{"embeddable":true,"href":"https:\/\/camisetamagazine.com.br\/index.php?rest_route=%2Fwp%2Fv2%2Fcomments&post=584"}],"wp:featuredmedia":[{"embeddable":true,"href":"https:\/\/camisetamagazine.com.br\/index.php?rest_route=\/wp\/v2\/media\/589"}],"wp:attachment":[{"href":"https:\/\/camisetamagazine.com.br\/index.php?rest_route=%2Fwp%2Fv2%2Fmedia&parent=584"}],"wp:term":[{"taxonomy":"product_cat","embeddable":true,"href":"https:\/\/camisetamagazine.com.br\/index.php?rest_route=%2Fwp%2Fv2%2Fproduct_cat&post=584"},{"taxonomy":"product_tag","embeddable":true,"href":"https:\/\/camisetamagazine.com.br\/index.php?rest_route=%2Fwp%2Fv2%2Fproduct_tag&post=584"}],"curies":[{"name":"wp","href":"https:\/\/api.w.org\/{rel}","templated":true}]}}