{"id":1143,"date":"2024-08-14T16:09:28","date_gmt":"2024-08-14T19:09:28","guid":{"rendered":"https:\/\/camisetamagazine.com.br\/?post_type=product&#038;p=1143"},"modified":"2024-08-14T16:40:09","modified_gmt":"2024-08-14T19:40:09","slug":"athena","status":"publish","type":"product","link":"https:\/\/camisetamagazine.com.br\/?product=athena","title":{"rendered":"Athena"},"content":{"rendered":"","protected":false},"excerpt":{"rendered":"[table color=\"grey\" ]MATERIA PRIMA: Malha Menegotti com Fio penteado COMPOSI\u00c7\u00c3O: 100% algod\u00e3o TIPO DO FIO: 30.1 GRAMATURA: 160gr \u00a0TOQUE: Macio[\/table]\n<p><a href=\"http:\/\/www.camisetamagazine.com.br\/wp-content\/uploads\/2015\/12\/BabyLook-Tamanhos.jpg\"><img loading=\"lazy\" decoding=\"async\" class=\"alignnone size-medium wp-image-468\" src=\"http:\/\/www.camisetamagazine.com.br\/wp-content\/uploads\/2015\/12\/BabyLook-Tamanhos.jpg\" alt=\"Tamanhos\" width=\"300\" height=\"92\" \/><\/a><\/p>\n[table color=\"grey\" ]PRAZO DE ENTREGA: em at\u00e9 5 (cinco) dias \u00fateis para processamento da camiseta somados ao prazo da TRANSPORTADORA[\/table]\n[table color=\"grey\" ]POL\u00cdTICA DE TROCA: As trocas poder\u00e3o ser feitas em at\u00e9 7 (sete) \u00a0dias ap\u00f3s o recebimento da mercadoria desde que devolvida em sua embalagem original. Ser\u00e3o trocadas mercadorias nas seguintes condi\u00e7\u00f5es: 1-) Defeito de fabrica\u00e7\u00e3o. 2-) Medidas inadequadas. 3-) Insatisfa\u00e7\u00e3o do cliente com o produto.<\/p>\n<p>As trocas ser\u00e3o efetuadas apenas em\u00a0mercadorias que forem devolvidas sem marcas de uso e sem odores tais como: perfume, desodorante, suor e outros.<\/p>\n<p>Outras d\u00favidas poder\u00e3o ser esclarecidas entrando na sess\u00e3o POL\u00cdTICAS no menu principal ou enviado um e-mail pelo formul\u00e1rio na sess\u00e3o CONTATO.<\/p>\n<p>[\/table]\n","protected":false},"featured_media":1162,"comment_status":"closed","ping_status":"closed","template":"","meta":[],"product_cat":[102,101,69],"product_tag":[],"class_list":{"0":"post-1143","1":"product","2":"type-product","3":"status-publish","4":"has-post-thumbnail","6":"product_cat-filosofia","7":"product_cat-mitologia","8":"product_cat-femininas","9":"pa_cor-azul-claro","10":"pa_cor-branco","11":"pa_cor-lilas","12":"pa_cor-preto","13":"pa_cor-rosa-claro","14":"pa_cor-vermelho","15":"pa_tamanho-g","16":"pa_tamanho-gg","17":"pa_tamanho-m","18":"pa_tamanho-p","20":"first","21":"onbackorder","22":"featured","23":"shipping-taxable","24":"purchasable","25":"product-type-variable","26":"add-to-wishlist-after_add_to_cart"},"_links":{"self":[{"href":"https:\/\/camisetamagazine.com.br\/index.php?rest_route=\/wp\/v2\/product\/1143"}],"collection":[{"href":"https:\/\/camisetamagazine.com.br\/index.php?rest_route=\/wp\/v2\/product"}],"about":[{"href":"https:\/\/camisetamagazine.com.br\/index.php?rest_route=\/wp\/v2\/types\/product"}],"replies":[{"embeddable":true,"href":"https:\/\/camisetamagazine.com.br\/index.php?rest_route=%2Fwp%2Fv2%2Fcomments&post=1143"}],"wp:featuredmedia":[{"embeddable":true,"href":"https:\/\/camisetamagazine.com.br\/index.php?rest_route=\/wp\/v2\/media\/1162"}],"wp:attachment":[{"href":"https:\/\/camisetamagazine.com.br\/index.php?rest_route=%2Fwp%2Fv2%2Fmedia&parent=1143"}],"wp:term":[{"taxonomy":"product_cat","embeddable":true,"href":"https:\/\/camisetamagazine.com.br\/index.php?rest_route=%2Fwp%2Fv2%2Fproduct_cat&post=1143"},{"taxonomy":"product_tag","embeddable":true,"href":"https:\/\/camisetamagazine.com.br\/index.php?rest_route=%2Fwp%2Fv2%2Fproduct_tag&post=1143"}],"curies":[{"name":"wp","href":"https:\/\/api.w.org\/{rel}","templated":true}]}}