{"id":532,"date":"2014-09-29T18:26:09","date_gmt":"2014-09-29T18:26:09","guid":{"rendered":"http:\/\/www.camisetamagazine.com.br\/?page_id=532"},"modified":"2014-09-29T19:08:23","modified_gmt":"2014-09-29T19:08:23","slug":"politicas","status":"publish","type":"page","link":"https:\/\/camisetamagazine.com.br\/?page_id=532","title":{"rendered":"Pol\u00edticas"},"content":{"rendered":"<h3><strong>Prazo de entrega:<\/strong><\/h3>\n<ul>\n<li style=\"text-align: justify;\"><span style=\"color: #000000;\">Ap\u00f3s confirma\u00e7\u00e3o do pagamento os pedidos s\u00e3o enviados de 1 a 6 dias \u00fateis, que \u00e9 o tempo necess\u00e1rio para a produ\u00e7\u00e3o do mesmo.<\/span><\/li>\n<li style=\"text-align: justify;\"><span style=\"color: #000000;\">O envio \u00e9 feito pelos Correios na modalidade escolhida pelo cliente.<\/span><\/li>\n<li style=\"text-align: justify;\"><span style=\"color: #000000;\">O prazo do correio varia de acordo com a localidade. N\u00e3o somos respons\u00e1veis por atrasos por parte dos Correios.\u00a0<\/span><\/li>\n<li style=\"text-align: justify;\"><span style=\"color: #000000;\">Em caso de extravio dos Correios ser\u00e1 enviada outra mercadoria sem qualquer custo ao cliente.\u00a0<\/span><\/li>\n<\/ul>\n<h3><br style=\"color: #7d7873;\" \/><span style=\"color: #000000;\"><strong>Trocas e Devolu\u00e7\u00f5es\u00a0<\/strong><\/span><\/h3>\n<p><span style=\"color: #000000;\">Nossa loja faz trocas nos seguintes casos:\u00a0<\/span><\/p>\n<p>&nbsp;<\/p>\n<ol>\n<li style=\"text-align: justify;\"><span style=\"color: #000000;\">Defeito de Fabrica\u00e7\u00e3o: Nesse caso o frete \u00e9 por nossa conta (ida e volta)<\/span><\/li>\n<li style=\"text-align: justify;\"><span style=\"color: #000000;\">\u00a0Tamanho: Nesse caso o frete \u00e9 por conta do cliente (ida e volta) &#8220;Por isso \u00e9 importante conferir as medidas de largura e comprimento das camisetas&#8221;\u00a0<\/span><\/li>\n<li style=\"text-align: justify;\"><span style=\"color: #000000;\">\u00a0Recebeu o tamanho errado. Nesse caso deve nos comunicar por e-mail antes de reenviar de volta no endere\u00e7o abaixo. Assim que a devolu\u00e7\u00e3o chegar confirmaremos se o tamanho est\u00e1 incorreto mesmo e enviaremos outra no tamanho correto. (importante verificar o tamanho corretamente, pois se n\u00e3o estiver errado ter\u00e1 que pagar o frete de ida e volta do produto. Para tirar as medidas corretamente a camiseta deve estar completamente estendida sem rugas ou dobras.\u00a0<\/span><\/li>\n<li style=\"text-align: justify;\"><span style=\"color: #000000;\">Qualquer devolu\u00e7\u00e3o de produto pelos correios por motivo de endere\u00e7o incompleto ou cliente n\u00e3o residir mais no endere\u00e7o de recebimento, ou n\u00e3o se apresentar para retirar a encomenda (nas localidades onde os correios n\u00e3o entregam em casa), ou o carteiro n\u00e3o conseguir localizar o endere\u00e7o, etc&#8230; o reenvio da mercadoria somente ser\u00e1 realizado ap\u00f3s o pagamento do frete para o reenvio.<\/span><\/li>\n<\/ol>\n","protected":false},"excerpt":{"rendered":"<p>Prazo de entrega: Ap\u00f3s confirma\u00e7\u00e3o do pagamento os pedidos s\u00e3o enviados de 1 a 6 dias \u00fateis, que \u00e9 o tempo necess\u00e1rio para a produ\u00e7\u00e3o do mesmo. O envio \u00e9 feito pelos Correios na modalidade escolhida pelo cliente. O prazo do correio varia de acordo com a localidade. N\u00e3o somos [&#8230;]<\/p>\n","protected":false},"author":1,"featured_media":0,"parent":0,"menu_order":0,"comment_status":"closed","ping_status":"closed","template":"home.php","meta":{"footnotes":""},"class_list":["post-532","page","type-page","status-publish","hentry"],"_links":{"self":[{"href":"https:\/\/camisetamagazine.com.br\/index.php?rest_route=\/wp\/v2\/pages\/532"}],"collection":[{"href":"https:\/\/camisetamagazine.com.br\/index.php?rest_route=\/wp\/v2\/pages"}],"about":[{"href":"https:\/\/camisetamagazine.com.br\/index.php?rest_route=\/wp\/v2\/types\/page"}],"author":[{"embeddable":true,"href":"https:\/\/camisetamagazine.com.br\/index.php?rest_route=\/wp\/v2\/users\/1"}],"replies":[{"embeddable":true,"href":"https:\/\/camisetamagazine.com.br\/index.php?rest_route=%2Fwp%2Fv2%2Fcomments&post=532"}],"version-history":[{"count":6,"href":"https:\/\/camisetamagazine.com.br\/index.php?rest_route=\/wp\/v2\/pages\/532\/revisions"}],"predecessor-version":[{"id":538,"href":"https:\/\/camisetamagazine.com.br\/index.php?rest_route=\/wp\/v2\/pages\/532\/revisions\/538"}],"wp:attachment":[{"href":"https:\/\/camisetamagazine.com.br\/index.php?rest_route=%2Fwp%2Fv2%2Fmedia&parent=532"}],"curies":[{"name":"wp","href":"https:\/\/api.w.org\/{rel}","templated":true}]}}